{"id":39,"date":"2017-10-24T12:39:31","date_gmt":"2017-10-24T10:39:31","guid":{"rendered":"https:\/\/photo-mirror.pl\/index.php\/kontakt\/"},"modified":"2017-11-06T12:44:37","modified_gmt":"2017-11-06T11:44:37","slug":"kontakt","status":"publish","type":"page","link":"https:\/\/photo-mirror.pl\/index.php\/kontakt\/","title":{"rendered":"Kontakt"},"content":{"rendered":"<p>[et_pb_section bb_built=&#8221;1&#8243; admin_label=&#8221;section&#8221; background_color=&#8221;#f9f9f9&#8243; inner_shadow=&#8221;on&#8221; custom_padding_last_edited=&#8221;on|desktop&#8221; _builder_version=&#8221;3.0.83&#8243; custom_padding=&#8221;72px|0px|100px|0px&#8221; custom_padding_tablet=&#8221;50px|0|50px|0&#8243; transparent_background=&#8221;off&#8221; global_module=&#8221;204047&#8243;][et_pb_row global_parent=&#8221;204047&#8243; _builder_version=&#8221;3.0.47&#8243; background_size=&#8221;initial&#8221; background_position=&#8221;top_left&#8221; background_repeat=&#8221;repeat&#8221; _i=&#8221;0&#8243; _address=&#8221;3.0&#8243;][et_pb_column type=&#8221;4_4&#8243;][et_pb_text global_parent=&#8221;204047&#8243; _builder_version=&#8221;3.0.83&#8243;]<\/p>\n<h2 style=\"text-align: center;\">KONTAKT<\/h2>\n<p>[\/et_pb_text][\/et_pb_column][\/et_pb_row][et_pb_row admin_label=&#8221;row&#8221; global_parent=&#8221;204047&#8243; use_custom_gutter=&#8221;on&#8221; gutter_width=&#8221;1&#8243; padding_mobile=&#8221;off&#8221; column_padding_mobile=&#8221;on&#8221; _builder_version=&#8221;3.0.47&#8243; background_size=&#8221;initial&#8221; background_position=&#8221;top_left&#8221; background_repeat=&#8221;repeat&#8221; _i=&#8221;1&#8243; _address=&#8221;3.1&#8243;][et_pb_column type=&#8221;1_2&#8243;][et_pb_blurb global_parent=&#8221;204047&#8243; title=&#8221;791-301-887&#8243; use_icon=&#8221;on&#8221; font_icon=&#8221;%%264%%&#8221; icon_placement=&#8221;left&#8221; _builder_version=&#8221;3.0.83&#8243; custom_margin=&#8221;||20px|&#8221; \/][et_pb_blurb global_parent=&#8221;204047&#8243; title=&#8221;photo.mirror65@gmail.com&#8221; use_icon=&#8221;on&#8221; font_icon=&#8221;%%153%%&#8221; icon_placement=&#8221;left&#8221; _builder_version=&#8221;3.0.83&#8243; custom_margin=&#8221;||20px|&#8221; \/][et_pb_blurb global_parent=&#8221;204047&#8243; title=&#8221;Chwa\u0142ki 115 27-600 Sandomierz&#8221; use_icon=&#8221;on&#8221; font_icon=&#8221;%%249%%&#8221; icon_placement=&#8221;left&#8221; _builder_version=&#8221;3.0.83&#8243; custom_margin=&#8221;||35px|&#8221; \/][et_pb_blurb global_parent=&#8221;30&#8243; title=&#8221;FACEBOOK&#8221; use_icon=&#8221;on&#8221; font_icon=&#8221;%%337%%&#8221; icon_placement=&#8221;left&#8221; _builder_version=&#8221;3.0.86&#8243; custom_margin=&#8221;||35px|&#8221; url=&#8221;https:\/\/www.facebook.com\/Magic-Photo-Mirror-Nast%C4%99pca-fotobudki-1977523125853328\/&#8221; url_new_window=&#8221;on&#8221; use_circle=&#8221;off&#8221; use_circle_border=&#8221;off&#8221; use_icon_font_size=&#8221;off&#8221; background_layout=&#8221;light&#8221; header_text_align=&#8221;left&#8221; body_text_align=&#8221;left&#8221; module_alignment=&#8221;left&#8221; \/][et_pb_image global_parent=&#8221;204047&#8243; src=&#8221;https:\/\/photo-mirror.pl\/wp-content\/uploads\/2017\/10\/photomirror.png&#8221; _builder_version=&#8221;3.0.83&#8243; \/][\/et_pb_column][et_pb_column type=&#8221;1_2&#8243;][et_pb_contact_form admin_label=&#8221;Contact Form&#8221; global_parent=&#8221;204047&#8243; email=&#8221;photo.mirror65@gmail.com&#8221; form_background_color=&#8221;#e2e2e2&#8243; module_id=&#8221;et_pb_contact_form_0&#8243; _builder_version=&#8221;3.0.83&#8243; title_text_color=&#8221;#ff007f&#8221; form_field_font=&#8221;||||||||&#8221; form_field_text_color=&#8221;#000000&#8243; custom_button=&#8221;on&#8221; button_text_size=&#8221;17&#8243; button_text_color=&#8221;#ffffff&#8221; button_bg_color=&#8221;#ccccca&#8221; button_border_color=&#8221;#ccccca&#8221; button_border_radius=&#8221;30&#8243; button_font=&#8221;||||||||&#8221; button_use_icon=&#8221;off&#8221; button_text_color_hover=&#8221;#ff0070&#8243; button_bg_color_hover=&#8221;#ffffff&#8221; button_border_color_hover=&#8221;#ff0070&#8243;]<\/p>\n<p>[et_pb_contact_field field_id=&#8221;Imi\u0119&#8221; field_title=&#8221;Imi\u0119&#8221; fullwidth_field=&#8221;on&#8221; _builder_version=&#8221;3.0.83&#8243; form_field_font=&#8221;||||&#8221; use_border_color=&#8221;off&#8221;] [\/et_pb_contact_field][et_pb_contact_field field_id=&#8221;Telefon&#8221; field_title=&#8221;Telefon&#8221; fullwidth_field=&#8221;on&#8221; _builder_version=&#8221;3.0.83&#8243; form_field_font=&#8221;||||&#8221; use_border_color=&#8221;off&#8221;] [\/et_pb_contact_field][et_pb_contact_field field_id=&#8221;Adres_e-mail&#8221; field_title=&#8221;Adres e-mail&#8221; field_type=&#8221;email&#8221; fullwidth_field=&#8221;on&#8221; _builder_version=&#8221;3.0.83&#8243; form_field_font=&#8221;||||&#8221; use_border_color=&#8221;off&#8221;] [\/et_pb_contact_field][et_pb_contact_field field_id=&#8221;Wiadomo\u015b\u0107&#8221; field_title=&#8221;Wiadomo\u015b\u0107&#8221; field_type=&#8221;text&#8221; required_mark=&#8221;off&#8221; fullwidth_field=&#8221;on&#8221; _builder_version=&#8221;3.0.83&#8243; form_field_font=&#8221;||||&#8221; use_border_color=&#8221;off&#8221;] [\/et_pb_contact_field]<\/p>\n<p>[\/et_pb_contact_form][et_pb_text admin_label=&#8221;Text&#8221; global_parent=&#8221;204047&#8243; background_layout=&#8221;dark&#8221; _builder_version=&#8221;3.0.47&#8243; background_size=&#8221;initial&#8221; background_position=&#8221;top_left&#8221; background_repeat=&#8221;repeat&#8221; module_alignment=&#8221;left&#8221; custom_margin=&#8221;|||50px&#8221; _i=&#8221;1&#8243; _address=&#8221;3.1.1.1&#8243;]<\/p>\n<p><strong>FOLLOW US<\/strong><\/p>\n<p>[\/et_pb_text][\/et_pb_column][\/et_pb_row][\/et_pb_section][et_pb_section bb_built=&#8221;1&#8243; fullwidth=&#8221;on&#8221; _builder_version=&#8221;3.0.83&#8243;][et_pb_fullwidth_code _builder_version=&#8221;3.0.83&#8243;]&lt;iframe src=&quot;https:\/\/www.google.com\/maps\/embed?pb=!1m18!1m12!1m3!1d2526.3985948464865!2d21.709951215740904!3d50.7125439795124!2m3!1f0!2f0!3f0!3m2!1i1024!2i768!4f13.1!3m3!1m2!1s0x4722b46a2e5eaa49%3A0x628de204719a96dc!2sChwa%C5%82ki+115%2C+27-600+Chwa%C5%82ki!5e0!3m2!1spl!2spl!4v1508850751599&quot; width=&quot;2000&quot; height=&quot;500&quot; frameborder=&quot;0&quot; style=&quot;border:0&quot; allowfullscreen&gt;&lt;\/iframe&gt;[\/et_pb_fullwidth_code][\/et_pb_section]<\/p>\n","protected":false},"excerpt":{"rendered":"<p>KONTAKT FOLLOW US<\/p>\n","protected":false},"author":1,"featured_media":0,"parent":0,"menu_order":0,"comment_status":"closed","ping_status":"closed","template":"","meta":{"_et_pb_use_builder":"on","_et_pb_old_content":"","_et_gb_content_width":"","ngg_post_thumbnail":0,"footnotes":""},"class_list":["post-39","page","type-page","status-publish","hentry"],"_links":{"self":[{"href":"https:\/\/photo-mirror.pl\/index.php\/wp-json\/wp\/v2\/pages\/39"}],"collection":[{"href":"https:\/\/photo-mirror.pl\/index.php\/wp-json\/wp\/v2\/pages"}],"about":[{"href":"https:\/\/photo-mirror.pl\/index.php\/wp-json\/wp\/v2\/types\/page"}],"author":[{"embeddable":true,"href":"https:\/\/photo-mirror.pl\/index.php\/wp-json\/wp\/v2\/users\/1"}],"replies":[{"embeddable":true,"href":"https:\/\/photo-mirror.pl\/index.php\/wp-json\/wp\/v2\/comments?post=39"}],"version-history":[{"count":0,"href":"https:\/\/photo-mirror.pl\/index.php\/wp-json\/wp\/v2\/pages\/39\/revisions"}],"wp:attachment":[{"href":"https:\/\/photo-mirror.pl\/index.php\/wp-json\/wp\/v2\/media?parent=39"}],"curies":[{"name":"wp","href":"https:\/\/api.w.org\/{rel}","templated":true}]}}