{"id":42,"date":"2017-10-24T12:39:31","date_gmt":"2017-10-24T10:39:31","guid":{"rendered":"https:\/\/photo-mirror.pl\/index.php\/jak-to-dziala\/"},"modified":"2020-04-22T11:48:24","modified_gmt":"2020-04-22T09:48:24","slug":"jak-to-dziala","status":"publish","type":"page","link":"https:\/\/photo-mirror.pl\/index.php\/jak-to-dziala\/","title":{"rendered":"Jak to dzia\u0142a?"},"content":{"rendered":"<p>[et_pb_section fb_built=&#8221;1&#8243; _builder_version=&#8221;3.0.47&#8243;][et_pb_row _builder_version=&#8221;3.0.47&#8243; background_size=&#8221;initial&#8221; background_position=&#8221;top_left&#8221; background_repeat=&#8221;repeat&#8221;][et_pb_column type=&#8221;4_4&#8243; _builder_version=&#8221;3.0.47&#8243; parallax=&#8221;off&#8221; parallax_method=&#8221;on&#8221;][et_pb_text _builder_version=&#8221;3.0.83&#8243;]<\/p>\n<h2 style=\"text-align: center;\"><strong><span style=\"color: #ff0000;\">JAK TO DZIA\u0141A ?<\/span><\/strong><\/h2>\n<p>[\/et_pb_text][\/et_pb_column][\/et_pb_row][et_pb_row _builder_version=&#8221;3.0.47&#8243; background_size=&#8221;initial&#8221; background_position=&#8221;top_left&#8221; background_repeat=&#8221;repeat&#8221;][et_pb_column type=&#8221;1_2&#8243; _builder_version=&#8221;3.0.47&#8243; parallax=&#8221;off&#8221; parallax_method=&#8221;on&#8221;][et_pb_text _builder_version=&#8221;3.0.83&#8243; text_font_size=&#8221;16px&#8221;]<\/p>\n<ol>\n<li dir=\"ltr\"><strong><strong>Zadzwo\u0144 i um\u00f3w si\u0119 z nami w celu ustalenia odpowiedniego pakietu, jak i wszystkich szczeg\u00f3\u0142\u00f3w.<\/strong><\/strong><\/li>\n<li dir=\"ltr\"><strong><strong>Ustalimy termin oraz wa\u017cne informacje potrzebne do podpisania umowy, a po wp\u0142aceniu 30% zaliczki masz pewny termin!<\/strong><\/strong><\/li>\n<li dir=\"ltr\"><strong>Przyje\u017cd\u017camy odpowiednio wcze\u015bnie w ustalone miejsce w wyznaczonym czasie, ustawiamy ca\u0142y sprz\u0119t oraz potrzebne gad\u017cety.<\/strong><\/li>\n<\/ol>\n<p>&nbsp;<\/p>\n<p>&nbsp;<\/p>\n<p>&nbsp;<\/p>\n<h2 dir=\"ltr\" style=\"text-align: center;\"><strong>Tutaj zaczyna dzia\u0107 si\u0119 ca\u0142a magia!<\/strong><\/h2>\n<p>[\/et_pb_text][\/et_pb_column][et_pb_column type=&#8221;1_2&#8243; _builder_version=&#8221;3.0.47&#8243; parallax=&#8221;off&#8221; parallax_method=&#8221;on&#8221;][et_pb_code _builder_version=&#8221;3.0.83&#8243;]&lt;center&gt;&lt;!&#8211; [et_pb_line_break_holder] &#8211;&gt;&lt;iframe width=&quot;560&quot; height=&quot;315&quot; src=&quot;https:\/\/www.youtube.com\/embed\/rDX4xFVS9T8&quot; frameborder=&quot;0&quot; allowfullscreen&gt;&lt;\/iframe&gt;&lt;!&#8211; [et_pb_line_break_holder] &#8211;&gt;&lt;\/center&gt;[\/et_pb_code][\/et_pb_column][\/et_pb_row][et_pb_row _builder_version=&#8221;3.0.47&#8243; background_size=&#8221;initial&#8221; background_position=&#8221;top_left&#8221; background_repeat=&#8221;repeat&#8221;][et_pb_column type=&#8221;4_4&#8243; _builder_version=&#8221;3.0.47&#8243; parallax=&#8221;off&#8221; parallax_method=&#8221;on&#8221;][et_pb_cta _builder_version=&#8221;3.0.86&#8243; body_font=&#8221;Arimo||||||||&#8221; body_text_color=&#8221;#ffffff&#8221; body_font_size=&#8221;17&#8243;]<strong>Ustawiasz si\u0119 przed ogromnym 65 calowym lustrem, kt\u00f3re zaczyna do Ciebie m\u00f3wi\u0107, a na tafli zwierciad\u0142a dodatkowo pojawia si\u0119 animacja zach\u0119caj\u0105ca do zabawy!<\/strong><br \/>\n[\/et_pb_cta][et_pb_cta _builder_version=&#8221;3.0.86&#8243; body_font=&#8221;Arimo||||||||&#8221; body_text_color=&#8221;#ffffff&#8221; body_font_size=&#8221;17&#8243;]<strong>W lustrze widzisz swoje odbicie oraz formaty zdj\u0119\u0107 \u2013 wybierz to, kt\u00f3re Ci\u0119 interesuje dotykaj\u0105c tafli lustra &#8211; TAK, lustro jest dotykowe!<\/strong><br \/>\n[\/et_pb_cta][et_pb_cta _builder_version=&#8221;3.0.86&#8243; body_font=&#8221;Arimo||||||||&#8221; body_text_color=&#8221;#ffffff&#8221; body_font_size=&#8221;17&#8243;]<strong>Zaczyna si\u0119 odliczanie:<br \/>\n5\u20264\u2026 nie zapomnij wybra\u0107 \u015bmiesznego gad\u017cetu!<br \/>\n3\u20262\u2026 pozuj do zdj\u0119cia, patrz\u0105c w obracaj\u0105ce ko\u0142o kolorowych diod ledowych i\u2026.<br \/>\n\u20261. PSSSSTRYK!<br \/>\nFlesz lampy z dyfuzorem idealnie do\u015bwietla zdj\u0119cie, na kt\u00f3rym wychodzisz PERFEKCYJNIE!<\/strong><br \/>\n[\/et_pb_cta][et_pb_cta _builder_version=&#8221;3.0.86&#8243; body_font=&#8221;Arimo||||||||&#8221; body_text_color=&#8221;#ffffff&#8221; body_font_size=&#8221;17&#8243;]<strong>Po kilku sekundach masz w r\u0119kach idealn\u0105 pami\u0105tk\u0119. Chcesz mie\u0107 to zdj\u0119cie r\u00f3wnie\u017c w formie elektronicznej? \u017baden problem \u2013 mo\u017cesz wys\u0142a\u0107 je na swojego maila!<br \/>\n<\/strong><br \/>\n[\/et_pb_cta][et_pb_text _builder_version=&#8221;3.0.86&#8243; header_text_align=&#8221;left&#8221; module_alignment=&#8221;left&#8221;]<\/p>\n<h4 style=\"text-align: center;\">NIESAMOWITE!<br \/>\nNOWOS\u0106! Foto lustro mo\u017ce wykona\u0107 r\u00f3wnie\u017c \u015bmieszne GIFY!<br \/>\nPrzez ca\u0142\u0105 zabaw\u0119 nasz animator jest do Pa\u0144stwa dyspozycji!<\/h4>\n<p>[\/et_pb_text][\/et_pb_column][\/et_pb_row][\/et_pb_section][et_pb_section fb_built=&#8221;1&#8243; _builder_version=&#8221;3.0.86&#8243; background_color=&#8221;#d21114&#8243;][et_pb_row _builder_version=&#8221;3.0.47&#8243; background_size=&#8221;initial&#8221; background_position=&#8221;top_left&#8221; background_repeat=&#8221;repeat&#8221;][et_pb_column type=&#8221;4_4&#8243; _builder_version=&#8221;3.0.47&#8243; parallax=&#8221;off&#8221; parallax_method=&#8221;on&#8221;][et_pb_text _builder_version=&#8221;3.0.86&#8243; header_text_align=&#8221;left&#8221; background_layout=&#8221;dark&#8221; module_alignment=&#8221;left&#8221;]<\/p>\n<h3 style=\"text-align: center;\">Fotobudka vs. Magiczne Lustro<\/h3>\n<p style=\"text-align: center;\"><strong>Nowa forma fotobudki w postaci lustra w dekoracyjnej ramie to produkt dla wymagaj\u0105cych klient\u00f3w. Opr\u00f3cz \u015bwietnego i presti\u017cowego wygl\u0105du, lustro wytwarza d\u017awi\u0119k g\u0142osowy, kt\u00f3ry w zabawny spos\u00f3b animuje ca\u0142\u0105 sesj\u0119 zdj\u0119ciow\u0105. Dodatkow\u0105 atrakcj\u0105 kt\u00f3rej nie ma w fotobudce jest funkcja rysowania i pisania palcem na ekranie po swoim zdj\u0119ciu. Ka\u017cdy mo\u017ce napisa\u0107 dedykacj\u0119, dat\u0119 lub umie\u015bci\u0107 kolorowy rysunek, kt\u00f3ry jest nadrukowany na fotografii.<\/strong><\/p>\n<p style=\"text-align: center;\"><strong>Kolejnym atutem foto lustra to wysoko\u015b\u0107 obiektywu fotograficznego i ogromne sze\u015b\u0107dziesi\u0119cio pi\u0119cio calowe lustro. Aparat uchwyci na zdj\u0119ciu osoby wysokie, dzieci oraz osoby niepe\u0142nosprawne. Jest to \u015bwietne rozwi\u0105zanie, poniewa\u017c ka\u017cdy mo\u017ce zrobi\u0107 sobie sesj\u0119 zdj\u0119ciow\u0105, bez \u017cadnych ogranicze\u0144.<\/strong><\/p>\n<p>[\/et_pb_text][\/et_pb_column][\/et_pb_row][\/et_pb_section][et_pb_section fb_built=&#8221;1&#8243; _builder_version=&#8221;3.0.47&#8243;][et_pb_row _builder_version=&#8221;3.0.47&#8243; background_size=&#8221;initial&#8221; background_position=&#8221;top_left&#8221; background_repeat=&#8221;repeat&#8221;][et_pb_column type=&#8221;4_4&#8243; _builder_version=&#8221;3.0.47&#8243; parallax=&#8221;off&#8221; parallax_method=&#8221;on&#8221;][et_pb_image src=&#8221;https:\/\/photo-mirror.pl\/wp-content\/uploads\/2017\/10\/Zdj\u0119cie-nr-1.jpg&#8221; align=&#8221;center&#8221; _builder_version=&#8221;3.0.86&#8243;][\/et_pb_image][\/et_pb_column][\/et_pb_row][\/et_pb_section][et_pb_section fb_built=&#8221;1&#8243; _builder_version=&#8221;3.14&#8243;][et_pb_row _builder_version=&#8221;3.14&#8243;][et_pb_column type=&#8221;4_4&#8243; _builder_version=&#8221;3.14&#8243; parallax=&#8221;off&#8221; parallax_method=&#8221;on&#8221;][et_pb_gallery gallery_ids=&#8221;211618,211619,211620,211621,211622,211623,211624,211625,211626,211627,211628,211629,211630,211631,211632,211633,211634,211635,211636,211637,211638,211639,211640,211641&#8243; posts_number=&#8221;30&#8243; show_title_and_caption=&#8221;off&#8221; _builder_version=&#8221;3.14&#8243;][\/et_pb_gallery][\/et_pb_column][\/et_pb_row][\/et_pb_section][et_pb_section fb_built=&#8221;1&#8243; fullwidth=&#8221;on&#8221; _builder_version=&#8221;3.14&#8243;][\/et_pb_section][et_pb_section fb_built=&#8221;1&#8243; inner_shadow=&#8221;on&#8221; custom_padding_last_edited=&#8221;on|desktop&#8221; admin_label=&#8221;section&#8221; _builder_version=&#8221;3.0.83&#8243; background_color=&#8221;#f9f9f9&#8243; custom_padding=&#8221;72px|0px|100px|0px&#8221; custom_padding_tablet=&#8221;50px|0|50px|0&#8243; transparent_background=&#8221;off&#8221; global_module=&#8221;204047&#8243;][et_pb_row _builder_version=&#8221;3.0.47&#8243; background_size=&#8221;initial&#8221; background_position=&#8221;top_left&#8221; background_repeat=&#8221;repeat&#8221;][et_pb_column type=&#8221;4_4&#8243; _builder_version=&#8221;3.0.47&#8243; parallax=&#8221;off&#8221; parallax_method=&#8221;on&#8221;][et_pb_text _builder_version=&#8221;3.0.86&#8243;]<\/p>\n<h2 style=\"text-align: center;\">KONTAKT<\/h2>\n<p>[\/et_pb_text][\/et_pb_column][\/et_pb_row][et_pb_row use_custom_gutter=&#8221;on&#8221; gutter_width=&#8221;1&#8243; padding_mobile=&#8221;off&#8221; column_padding_mobile=&#8221;on&#8221; admin_label=&#8221;row&#8221; _builder_version=&#8221;3.0.47&#8243; background_size=&#8221;initial&#8221; background_position=&#8221;top_left&#8221; background_repeat=&#8221;repeat&#8221;][et_pb_column type=&#8221;1_2&#8243; _builder_version=&#8221;3.0.47&#8243; column_padding_mobile=&#8221;on&#8221; parallax=&#8221;off&#8221; parallax_method=&#8221;on&#8221;][et_pb_blurb title=&#8221;791-301-887&#8243; use_icon=&#8221;on&#8221; font_icon=&#8221;%%264%%&#8221; icon_placement=&#8221;left&#8221; _builder_version=&#8221;3.0.83&#8243; custom_margin=&#8221;||20px|&#8221;][\/et_pb_blurb][et_pb_blurb title=&#8221;photo.mirror65@gmail.com&#8221; use_icon=&#8221;on&#8221; font_icon=&#8221;%%153%%&#8221; icon_placement=&#8221;left&#8221; _builder_version=&#8221;3.0.86&#8243; custom_margin=&#8221;||20px|&#8221;][\/et_pb_blurb][et_pb_blurb title=&#8221;Chwa\u0142ki 115 27-600 Sandomierz&#8221; use_icon=&#8221;on&#8221; font_icon=&#8221;%%249%%&#8221; icon_placement=&#8221;left&#8221; _builder_version=&#8221;3.0.86&#8243; custom_margin=&#8221;||35px|&#8221;][\/et_pb_blurb][et_pb_blurb title=&#8221;FACEBOOK&#8221; url=&#8221;https:\/\/www.facebook.com\/Magic-Photo-Mirror-Nast%C4%99pca-fotobudki-1977523125853328\/&#8221; url_new_window=&#8221;on&#8221; use_icon=&#8221;on&#8221; font_icon=&#8221;%%337%%&#8221; icon_placement=&#8221;left&#8221; _builder_version=&#8221;3.0.86&#8243; header_text_align=&#8221;left&#8221; body_text_align=&#8221;left&#8221; module_alignment=&#8221;left&#8221; custom_margin=&#8221;||35px|&#8221;][\/et_pb_blurb][et_pb_image src=&#8221;https:\/\/photo-mirror.pl\/wp-content\/uploads\/2017\/10\/photomirror.png&#8221; _builder_version=&#8221;3.0.83&#8243;][\/et_pb_image][\/et_pb_column][et_pb_column type=&#8221;1_2&#8243; _builder_version=&#8221;3.0.47&#8243; column_padding_mobile=&#8221;on&#8221; parallax=&#8221;off&#8221; parallax_method=&#8221;on&#8221;][et_pb_contact_form email=&#8221;photo.mirror65@gmail.com&#8221; form_background_color=&#8221;#e2e2e2&#8243; admin_label=&#8221;Contact Form&#8221; module_id=&#8221;et_pb_contact_form_0&#8243; _builder_version=&#8221;3.0.87&#8243; title_text_color=&#8221;#ff007f&#8221; form_field_font=&#8221;||||||||&#8221; form_field_text_color=&#8221;#000000&#8243; custom_button=&#8221;on&#8221; button_text_size=&#8221;17&#8243; button_text_color=&#8221;#ffffff&#8221; button_bg_color=&#8221;#ccccca&#8221; button_border_color=&#8221;#ccccca&#8221; button_border_radius=&#8221;30&#8243; button_font=&#8221;||||||||&#8221; button_use_icon=&#8221;off&#8221; button_text_color_hover=&#8221;#ff0070&#8243; button_bg_color_hover=&#8221;#ffffff&#8221; button_border_color_hover=&#8221;#ff0070&#8243;][et_pb_contact_field field_id=&#8221;Imi\u0119&#8221; field_title=&#8221;Imi\u0119&#8221; fullwidth_field=&#8221;on&#8221; _builder_version=&#8221;3.0.87&#8243; form_field_font=&#8221;||||&#8221; border_radii=&#8221;on||||&#8221; use_border_color=&#8221;off&#8221;] [\/et_pb_contact_field][et_pb_contact_field field_id=&#8221;Telefon&#8221; field_title=&#8221;Telefon&#8221; fullwidth_field=&#8221;on&#8221; _builder_version=&#8221;3.0.87&#8243; form_field_font=&#8221;||||&#8221; border_radii=&#8221;on||||&#8221; use_border_color=&#8221;off&#8221;] [\/et_pb_contact_field][et_pb_contact_field field_id=&#8221;Adres_e-mail&#8221; field_title=&#8221;Adres e-mail&#8221; field_type=&#8221;email&#8221; fullwidth_field=&#8221;on&#8221; _builder_version=&#8221;3.0.87&#8243; form_field_font=&#8221;||||&#8221; border_radii=&#8221;on||||&#8221; use_border_color=&#8221;off&#8221;] [\/et_pb_contact_field][et_pb_contact_field field_id=&#8221;Wiadomo\u015b\u0107&#8221; field_title=&#8221;Wiadomo\u015b\u0107&#8221; field_type=&#8221;text&#8221; required_mark=&#8221;off&#8221; fullwidth_field=&#8221;on&#8221; _builder_version=&#8221;3.0.87&#8243; form_field_font=&#8221;||||&#8221; border_radii=&#8221;on||||&#8221; use_border_color=&#8221;off&#8221;] [\/et_pb_contact_field][\/et_pb_contact_form][et_pb_text admin_label=&#8221;Text&#8221; _builder_version=&#8221;3.0.47&#8243; background_size=&#8221;initial&#8221; background_position=&#8221;top_left&#8221; background_repeat=&#8221;repeat&#8221; background_layout=&#8221;dark&#8221; module_alignment=&#8221;left&#8221; custom_margin=&#8221;|||50px&#8221;]<\/p>\n<p><strong>FOLLOW US<\/strong><\/p>\n<p>[\/et_pb_text][\/et_pb_column][\/et_pb_row][\/et_pb_section]<\/p>\n","protected":false},"excerpt":{"rendered":"<p>JAK TO DZIA\u0141A ? Zadzwo\u0144 i um\u00f3w si\u0119 z nami w celu ustalenia odpowiedniego pakietu, jak i wszystkich szczeg\u00f3\u0142\u00f3w. Ustalimy termin oraz wa\u017cne informacje potrzebne do podpisania umowy, a po wp\u0142aceniu 30% zaliczki masz pewny termin! Przyje\u017cd\u017camy odpowiednio wcze\u015bnie w ustalone miejsce w wyznaczonym czasie, ustawiamy ca\u0142y sprz\u0119t oraz potrzebne gad\u017cety. &nbsp; &nbsp; &nbsp; Tutaj [&hellip;]<\/p>\n","protected":false},"author":1,"featured_media":0,"parent":0,"menu_order":0,"comment_status":"closed","ping_status":"closed","template":"","meta":{"_et_pb_use_builder":"on","_et_pb_old_content":"","_et_gb_content_width":"","ngg_post_thumbnail":0,"footnotes":""},"class_list":["post-42","page","type-page","status-publish","hentry"],"_links":{"self":[{"href":"https:\/\/photo-mirror.pl\/index.php\/wp-json\/wp\/v2\/pages\/42"}],"collection":[{"href":"https:\/\/photo-mirror.pl\/index.php\/wp-json\/wp\/v2\/pages"}],"about":[{"href":"https:\/\/photo-mirror.pl\/index.php\/wp-json\/wp\/v2\/types\/page"}],"author":[{"embeddable":true,"href":"https:\/\/photo-mirror.pl\/index.php\/wp-json\/wp\/v2\/users\/1"}],"replies":[{"embeddable":true,"href":"https:\/\/photo-mirror.pl\/index.php\/wp-json\/wp\/v2\/comments?post=42"}],"version-history":[{"count":0,"href":"https:\/\/photo-mirror.pl\/index.php\/wp-json\/wp\/v2\/pages\/42\/revisions"}],"wp:attachment":[{"href":"https:\/\/photo-mirror.pl\/index.php\/wp-json\/wp\/v2\/media?parent=42"}],"curies":[{"name":"wp","href":"https:\/\/api.w.org\/{rel}","templated":true}]}}