{"id":43,"date":"2017-10-24T12:39:31","date_gmt":"2017-10-24T10:39:31","guid":{"rendered":"https:\/\/photo-mirror.pl\/index.php\/najczesciej-zadawane-pytania\/"},"modified":"2018-02-01T21:08:01","modified_gmt":"2018-02-01T20:08:01","slug":"najczesciej-zadawane-pytania","status":"publish","type":"page","link":"https:\/\/photo-mirror.pl\/index.php\/najczesciej-zadawane-pytania\/","title":{"rendered":"Najcz\u0119\u015bciej zadawane pytania"},"content":{"rendered":"<p>[et_pb_section fb_built=&#8221;1&#8243; _builder_version=&#8221;3.0.47&#8243;][et_pb_row _builder_version=&#8221;3.0.47&#8243; background_size=&#8221;initial&#8221; background_position=&#8221;top_left&#8221; background_repeat=&#8221;repeat&#8221;][et_pb_column type=&#8221;4_4&#8243; _builder_version=&#8221;3.0.47&#8243; parallax=&#8221;off&#8221; parallax_method=&#8221;on&#8221;][et_pb_text _builder_version=&#8221;3.0.83&#8243; text_font=&#8221;|||on|||||&#8221; header_font=&#8221;|||on|||||&#8221;]<\/p>\n<h2 style=\"text-align: center;\"><strong><span style=\"color: #ff0000;\">Najcz\u0119\u015bciej zadawane pytania<\/span><\/strong><\/h2>\n<p>[\/et_pb_text][\/et_pb_column][\/et_pb_row][et_pb_row _builder_version=&#8221;3.0.47&#8243; background_size=&#8221;initial&#8221; background_position=&#8221;top_left&#8221; background_repeat=&#8221;repeat&#8221;][et_pb_column type=&#8221;1_2&#8243; _builder_version=&#8221;3.0.47&#8243; parallax=&#8221;off&#8221; parallax_method=&#8221;on&#8221;][et_pb_toggle title=&#8221;Jak dzia\u0142a Foto lustro?&#8221; open_toggle_text_color=&#8221;#000000&#8243; open_toggle_background_color=&#8221;#efefef&#8221; closed_toggle_text_color=&#8221;#ffffff&#8221; closed_toggle_background_color=&#8221;#e02b20&#8243; icon_color=&#8221;#ffffff&#8221; _builder_version=&#8221;3.0.83&#8243;]<\/p>\n<p>Obs\u0142uga Foto lustra jest niezwykle prosta. Zapraszamy do zak\u0142adki <a href=\"http:\/\/photo-mirror.pl\/index.php\/jak-to-dziala\/\">Jak to dzia\u0142a?<\/a><\/p>\n<p>[\/et_pb_toggle][et_pb_toggle title=&#8221;Dostan\u0119 faktur\u0119?&#8221; open_toggle_text_color=&#8221;#000000&#8243; open_toggle_background_color=&#8221;#efefef&#8221; closed_toggle_text_color=&#8221;#ffffff&#8221; closed_toggle_background_color=&#8221;#e02b20&#8243; icon_color=&#8221;#ffffff&#8221; _builder_version=&#8221;3.0.83&#8243;]<\/p>\n<p>Oczywi\u015bcie, \u017ce tak. Pe\u0142na faktura 23%.<\/p>\n<p>[\/et_pb_toggle][et_pb_toggle title=&#8221;Co je\u015bli foto lustro ulegnie awarii?&#8221; open_toggle_text_color=&#8221;#000000&#8243; open_toggle_background_color=&#8221;#efefef&#8221; closed_toggle_text_color=&#8221;#ffffff&#8221; closed_toggle_background_color=&#8221;#e02b20&#8243; icon_color=&#8221;#ffffff&#8221; _builder_version=&#8221;3.0.86&#8243; title_text_align=&#8221;left&#8221; body_text_align=&#8221;left&#8221; text_orientation=&#8221;left&#8221; module_alignment=&#8221;left&#8221;]Operator b\u0119dzie mia\u0142 ze sob\u0105 zapasowe komponenty oraz zapas papieru w razie gdyby\u015b mia\u0142 ochot\u0119 przed\u0142u\u017cy\u0107 zabaw\u0119 do bia\u0142ego rana. Zmartwienia zostaw nam. Zawsze p\u0142acisz tylko za czas, przez kt\u00f3ry lustro jest dla Ciebie.<br \/>\n[\/et_pb_toggle][et_pb_toggle title=&#8221;Czy zdj\u0119cia z Foto lustra drukowane s\u0105 od razu?&#8221; open_toggle_text_color=&#8221;#000000&#8243; open_toggle_background_color=&#8221;#efefef&#8221; closed_toggle_text_color=&#8221;#ffffff&#8221; closed_toggle_background_color=&#8221;#e02b20&#8243; icon_color=&#8221;#ffffff&#8221; _builder_version=&#8221;3.0.83&#8243;]<\/p>\n<p>Zdj\u0119cia drukowane s\u0105 niemal\u017ce natychmiast. Dzi\u0119ki urz\u0105dzeniu o \u015bwietnych parametrach technicznych, mo\u017cna odebra\u0107 zdj\u0119cie ju\u017c po 15 sekundach.<\/p>\n<p>[\/et_pb_toggle][et_pb_toggle title=&#8221;Czy korzystaj\u0105cy z Foto lustra b\u0119d\u0105 mieli dost\u0119p do rekwizyt\u00f3w?&#8221; open_toggle_text_color=&#8221;#000000&#8243; open_toggle_background_color=&#8221;#efefef&#8221; closed_toggle_text_color=&#8221;#ffffff&#8221; closed_toggle_background_color=&#8221;#e02b20&#8243; icon_color=&#8221;#ffffff&#8221; _builder_version=&#8221;3.0.86&#8243; title_text_align=&#8221;left&#8221; body_text_align=&#8221;left&#8221; text_orientation=&#8221;left&#8221; module_alignment=&#8221;left&#8221;]<\/p>\n<p>Tak. Wraz z naszym urz\u0105dzenie dostarczamy ca\u0142\u0105 mas\u0119 nowych rekwizyt\u00f3w takich jak: peruki, okulary, czapki, kapelusze itp.<\/p>\n<p>[\/et_pb_toggle][et_pb_toggle title=&#8221;Czy mog\u0119 umie\u015bci\u0107 na zdj\u0119ciu swoj\u0105 tre\u015b\u0107 lub logo?&#8221; open_toggle_text_color=&#8221;#000000&#8243; open_toggle_background_color=&#8221;#efefef&#8221; closed_toggle_text_color=&#8221;#ffffff&#8221; closed_toggle_background_color=&#8221;#e02b20&#8243; icon_color=&#8221;#ffffff&#8221; _builder_version=&#8221;3.0.83&#8243;]<\/p>\n<p>Pod ka\u017cdym zdj\u0119ciem mo\u017cna umie\u015bci\u0107 sw\u00f3j tekst, np. \u201e40-ste urodziny Karola, 09.10.2017\u201d, \u201eNiezapomniana 18-nastka Ani\u201d albo &#8220;\u015alub Ewy i Adama, 15.02.2016&#8221;. Dzi\u0119ki temu go\u015bcie na pewno nie zapomn\u0105, sk\u0105d maj\u0105 pami\u0105tk\u0119. Specjalnie dla Klient\u00f3w biznesowych wprowadzili\u015bmy mo\u017cliwo\u015b\u0107 umieszczenia firmowego logo oraz tekstu. W razie potrzeby przygotujemy odpowiedni\u0105 grafik\u0119.<\/p>\n<p>[\/et_pb_toggle][et_pb_toggle title=&#8221;Na jakim tle robicie zdj\u0119cia?&#8221; open_toggle_text_color=&#8221;#000000&#8243; open_toggle_background_color=&#8221;#efefef&#8221; closed_toggle_text_color=&#8221;#ffffff&#8221; closed_toggle_background_color=&#8221;#e02b20&#8243; icon_color=&#8221;#ffffff&#8221; _builder_version=&#8221;3.0.86&#8243; title_text_align=&#8221;left&#8221; body_text_align=&#8221;left&#8221; text_orientation=&#8221;left&#8221; module_alignment=&#8221;left&#8221;]<\/p>\n<p>Na jakim sobie tylko wymarzysz. Foto lustro jest \u201cwolnostoj\u0105ce\u201d, ale mo\u017cemy ustawi\u0107 przed nim stojak z dowolnym t\u0142em. Od r\u0119ki zapewniamy kilka kolor\u00f3w, jednak z odpowiednim wyprzedzeniem jeste\u015bmy w stanie przygotowa\u0107 wszystko pocz\u0105wszy od prostego jednolitego t\u0142a, poprzez wydruki banner\u00f3w, po r\u0119cznie malowane obrazy. Mo\u017cliwe jest r\u00f3wnie\u017c wykorzystanie technologii green screen \u2013 fotografowania na zielonym tle i komputerowej podmian\u0119 t\u0142a. Taka opcja wymaga\u0107 mo\u017ce dodatkowego o\u015bwietlenia i przygotowania grafiki, wi\u0119c jest dodatkowo p\u0142atna.<\/p>\n<p>[\/et_pb_toggle][et_pb_toggle title=&#8221;Jak nas zarezerwowa\u0107?&#8221; open_toggle_text_color=&#8221;#000000&#8243; open_toggle_background_color=&#8221;#efefef&#8221; closed_toggle_text_color=&#8221;#ffffff&#8221; closed_toggle_background_color=&#8221;#e02b20&#8243; icon_color=&#8221;#ffffff&#8221; _builder_version=&#8221;3.0.86&#8243; title_text_align=&#8221;left&#8221; body_text_align=&#8221;left&#8221; text_orientation=&#8221;left&#8221; module_alignment=&#8221;left&#8221;]<\/p>\n<p>Gor\u0105co polecamy kontakt telefoniczny, jak i mailowy: 791-301-887 lub photo.mirror65@gmail.com.<\/p>\n<p>[\/et_pb_toggle][et_pb_toggle title=&#8221;Czy b\u0119dziemy mieli dost\u0119p do wszystkich zrobionych zdj\u0119\u0107 na danej imprezie?&#8221; open_toggle_text_color=&#8221;#000000&#8243; open_toggle_background_color=&#8221;#efefef&#8221; closed_toggle_text_color=&#8221;#ffffff&#8221; closed_toggle_background_color=&#8221;#e02b20&#8243; icon_color=&#8221;#ffffff&#8221; _builder_version=&#8221;3.0.86&#8243; title_text_align=&#8221;left&#8221; body_text_align=&#8221;left&#8221; text_orientation=&#8221;left&#8221; module_alignment=&#8221;left&#8221;]<\/p>\n<p>Tak. Wszystkie zdj\u0119cia zrobione podczas imprezy zostan\u0105 Pa\u0144stwu dostarczone na PENDRIVE. Ciekawym pomys\u0142em jest wystawienie ksi\u0119gi pami\u0105tkowej \u2013 specjalnego albumu, do kt\u00f3rego uczestnicy wklejaj\u0105 swoje zdj\u0119cia (drukowane wtedy w dw\u00f3ch kopiach) i zamieszczaj\u0105 swoje dedykacje. Polecamy zw\u0142aszcza na wesela. Ponad to wasze zdj\u0119cia b\u0119d\u0105 umieszczone w galerii online kt\u00f3ra b\u0119dzie chroniona has\u0142em i tylko Pa\u0144stwo b\u0119dziecie mieli do niej dost\u0119p.<\/p>\n<p>[\/et_pb_toggle][\/et_pb_column][et_pb_column type=&#8221;1_2&#8243; _builder_version=&#8221;3.0.47&#8243; parallax=&#8221;off&#8221; parallax_method=&#8221;on&#8221;][et_pb_toggle title=&#8221;Ile wolnej powierzchni potrzeba do rozstawienia Foto lustra?&#8221; open_toggle_text_color=&#8221;#000000&#8243; open_toggle_background_color=&#8221;#efefef&#8221; closed_toggle_text_color=&#8221;#ffffff&#8221; closed_toggle_background_color=&#8221;#e02b20&#8243; icon_color=&#8221;#ffffff&#8221; _builder_version=&#8221;3.0.86&#8243; title_text_align=&#8221;left&#8221; body_text_align=&#8221;left&#8221; text_orientation=&#8221;left&#8221; module_alignment=&#8221;left&#8221;]<\/p>\n<p>Potrzebujemy 3mx3m wolnej przestrzeni, na rozstawienie lustra i gad\u017cet\u00f3w. Niezb\u0119dny jest r\u00f3wnie\u017c dost\u0119p do standardowej wtyczki elektrycznej. Napi\u0119cie: 230V.<\/p>\n<p>[\/et_pb_toggle][et_pb_toggle title=&#8221;Czy p\u0142ac\u0119 za czas przed i po imprezie, kiedy foto lustro stoi bezczynnie lub czas monta\u017cu?&#8221; open_toggle_text_color=&#8221;#000000&#8243; open_toggle_background_color=&#8221;#efefef&#8221; closed_toggle_text_color=&#8221;#ffffff&#8221; closed_toggle_background_color=&#8221;#e02b20&#8243; icon_color=&#8221;#ffffff&#8221; _builder_version=&#8221;3.0.86&#8243; title_text_align=&#8221;left&#8221; body_text_align=&#8221;left&#8221; text_orientation=&#8221;left&#8221; module_alignment=&#8221;left&#8221;]<\/p>\n<p>P\u0142acisz tylko za czas, w kt\u00f3rym lustro jest dost\u0119pne dla Twoich go\u015bci. Pojawimy si\u0119 we wskazanym miejscu odpowiednio wcze\u015bniej aby by\u0107 w pe\u0142nej gotowo\u015bci przed czasem, ale\u00a0\u00a0\u00a0\u00a0\u00a0\u00a0\u00a0\u00a0\u00a0\u00a0\u00a0\u00a0\u00a0 w umowie jasno okre\u015blamy przez ile godzin foto lustro ma by\u0107 do Twojej dyspozycji.<\/p>\n<p>[\/et_pb_toggle][et_pb_toggle title=&#8221;Czy z\u0142e o\u015bwietlenie w miejscu instalacji Foto lustra wp\u0142ywa na jako\u015b\u0107 zdj\u0119\u0107?&#8221; open_toggle_text_color=&#8221;#000000&#8243; open_toggle_background_color=&#8221;#efefef&#8221; closed_toggle_text_color=&#8221;#ffffff&#8221; closed_toggle_background_color=&#8221;#e02b20&#8243; icon_color=&#8221;#ffffff&#8221; _builder_version=&#8221;3.0.83&#8243;]<\/p>\n<p>Nie. Nasze urz\u0105dzenie posiada w\u0142asny system o\u015bwietlenia dzi\u0119ki czemu nawet w zaciemnionych miejscach zdj\u0119cia b\u0119d\u0105 wysokiej jako\u015bci.<\/p>\n<p>[\/et_pb_toggle][et_pb_toggle title=&#8221;W jakich miejscowo\u015bciach mo\u017cliwy jest wynajem?&#8221; open_toggle_text_color=&#8221;#000000&#8243; open_toggle_background_color=&#8221;#efefef&#8221; closed_toggle_text_color=&#8221;#ffffff&#8221; closed_toggle_background_color=&#8221;#e02b20&#8243; icon_color=&#8221;#ffffff&#8221; _builder_version=&#8221;3.0.86&#8243; title_text_align=&#8221;left&#8221; body_text_align=&#8221;left&#8221; text_orientation=&#8221;left&#8221; module_alignment=&#8221;left&#8221;]Nasze us\u0142ugi \u015bwiadczymy na terenie ca\u0142ego kraju. Dojazd do 50 km jest zawsze gratis. Dalsze trasy to kwestia ustale\u0144 pomi\u0119dzy stronami. Proponujemy korzystne warunki.<br \/>\n[\/et_pb_toggle][et_pb_toggle title=&#8221;Ile zdj\u0119\u0107 mo\u017cna zrobi\u0107 na jednej imprezie?&#8221; open_toggle_text_color=&#8221;#000000&#8243; open_toggle_background_color=&#8221;#efefef&#8221; closed_toggle_text_color=&#8221;#ffffff&#8221; closed_toggle_background_color=&#8221;#e02b20&#8243; icon_color=&#8221;#ffffff&#8221; _builder_version=&#8221;3.0.83&#8243;]W ka\u017cdym pakiecie ilo\u015b\u0107 zdj\u0119\u0107 jest nielimitowana. Jedynym ograniczeniem jest czas wynajmu lustra.<br \/>\n[\/et_pb_toggle][et_pb_toggle title=&#8221;Reprezentuj\u0119 agencj\u0119 eventow\u0105, chcia\u0142bym wynajmowa\u0107 Foto lustro swoim klientom.&#8221; open_toggle_text_color=&#8221;#000000&#8243; open_toggle_background_color=&#8221;#efefef&#8221; closed_toggle_text_color=&#8221;#ffffff&#8221; closed_toggle_background_color=&#8221;#e02b20&#8243; icon_color=&#8221;#ffffff&#8221; _builder_version=&#8221;3.0.86&#8243;]Jeste\u015bmy otwarci na wsp\u00f3\u0142prac\u0119.<br \/>\n[\/et_pb_toggle][et_pb_toggle title=&#8221;Czy foto lustro b\u0119d\u0119 obs\u0142ugiwa\u0142 sam?&#8221; open_toggle_text_color=&#8221;#000000&#8243; open_toggle_background_color=&#8221;#efefef&#8221; closed_toggle_text_color=&#8221;#ffffff&#8221; closed_toggle_background_color=&#8221;#e02b20&#8243; icon_color=&#8221;#ffffff&#8221; _builder_version=&#8221;3.0.83&#8243;]<\/p>\n<p>Foto lustro przywioz\u0105 dwie osoby. B\u0119d\u0105 z Wami przez ca\u0142y czas dbaj\u0105c o stron\u0119 techniczn\u0105 oraz pomagaj\u0105c go\u015bciom wycisn\u0105\u0107 z foto lustra ile tylko si\u0119 da. Twoim zadaniem b\u0119dzie jedynie czerpanie przyjemno\u015bci z zabawy.<\/p>\n<p>[\/et_pb_toggle][et_pb_toggle title=&#8221;Ile zap\u0142ac\u0119 za jedno zdj\u0119cie?&#8221; open_toggle_text_color=&#8221;#000000&#8243; open_toggle_background_color=&#8221;#efefef&#8221; closed_toggle_text_color=&#8221;#ffffff&#8221; closed_toggle_background_color=&#8221;#e02b20&#8243; icon_color=&#8221;#ffffff&#8221; _builder_version=&#8221;3.0.86&#8243; title_text_align=&#8221;left&#8221; body_text_align=&#8221;left&#8221; text_orientation=&#8221;left&#8221; module_alignment=&#8221;left&#8221;]Wynajmuj\u0105c Foto lustro p\u0142acisz za czas pracy, nie za ilo\u015b\u0107 odbitek. Na przyk\u0142ad: umawiamy si\u0119 na 3 godziny, Twoi go\u015bcie mog\u0105 w tym czasie zrobi\u0107 dowoln\u0105 ilo\u015b\u0107 zdj\u0119\u0107 i za \u017cadne nie zap\u0142acisz dodatkowo.<br \/>\n[\/et_pb_toggle][\/et_pb_column][\/et_pb_row][\/et_pb_section][et_pb_section fb_built=&#8221;1&#8243; background_color=&#8221;#ccccca&#8221; admin_label=&#8221;section&#8221; custom_padding_last_edited=&#8221;on|desktop&#8221; _builder_version=&#8221;3.0.83&#8243; custom_padding=&#8221;16px|0px|0px|0px&#8221; custom_padding_tablet=&#8221;50px|0|50px|0&#8243; transparent_background=&#8221;off&#8221; global_module=&#8221;204048&#8243;][et_pb_row custom_padding=&#8221;5px|0px|0px|0px&#8221; column_padding_mobile=&#8221;on&#8221; admin_label=&#8221;row&#8221; _builder_version=&#8221;3.0.83&#8243; background_size=&#8221;initial&#8221; background_position=&#8221;top_left&#8221; background_repeat=&#8221;repeat&#8221;][et_pb_column type=&#8221;4_4&#8243; _builder_version=&#8221;3.0.47&#8243; column_padding_mobile=&#8221;on&#8221; parallax=&#8221;off&#8221; parallax_method=&#8221;on&#8221;][et_pb_text admin_label=&#8221;Text&#8221; _builder_version=&#8221;3.0.86&#8243; background_size=&#8221;initial&#8221; background_position=&#8221;top_left&#8221; background_repeat=&#8221;repeat&#8221; text_orientation=&#8221;center&#8221; module_alignment=&#8221;center&#8221;]<\/p>\n<h4>Dotykowe Foto Lustro NAJWI\u0118KSZE NA RYNKU 65cali &#8211; nast\u0119pca fotobudki, kt\u00f3re sprawi, \u017ce poczujesz si\u0119 jak gwiazda!<\/h4>\n<p>[\/et_pb_text][et_pb_gallery gallery_ids=&#8221;204119,204121,204122&#8243; gallery_captions=&#8221;,,&#8221; posts_number=&#8221;4&#8243; show_title_and_caption=&#8221;off&#8221; show_pagination=&#8221;off&#8221; hover_icon=&#8221;%%51%%&#8221; _builder_version=&#8221;3.0.86&#8243; pagination_font_size_tablet=&#8221;51&#8243; pagination_line_height_tablet=&#8221;2&#8243;][\/et_pb_gallery][\/et_pb_column][\/et_pb_row][\/et_pb_section][et_pb_section fb_built=&#8221;1&#8243; background_color=&#8221;#f9f9f9&#8243; inner_shadow=&#8221;on&#8221; admin_label=&#8221;section&#8221; custom_padding_last_edited=&#8221;on|desktop&#8221; _builder_version=&#8221;3.0.83&#8243; custom_padding=&#8221;72px|0px|100px|0px&#8221; custom_padding_tablet=&#8221;50px|0|50px|0&#8243; transparent_background=&#8221;off&#8221; global_module=&#8221;204047&#8243;][et_pb_row _builder_version=&#8221;3.0.47&#8243; background_size=&#8221;initial&#8221; background_position=&#8221;top_left&#8221; background_repeat=&#8221;repeat&#8221;][et_pb_column type=&#8221;4_4&#8243; _builder_version=&#8221;3.0.47&#8243; parallax=&#8221;off&#8221; parallax_method=&#8221;on&#8221;][et_pb_text _builder_version=&#8221;3.0.86&#8243;]<\/p>\n<h2 style=\"text-align: center;\">KONTAKT<\/h2>\n<p>[\/et_pb_text][\/et_pb_column][\/et_pb_row][et_pb_row use_custom_gutter=&#8221;on&#8221; gutter_width=&#8221;1&#8243; padding_mobile=&#8221;off&#8221; column_padding_mobile=&#8221;on&#8221; admin_label=&#8221;row&#8221; _builder_version=&#8221;3.0.47&#8243; background_size=&#8221;initial&#8221; background_position=&#8221;top_left&#8221; background_repeat=&#8221;repeat&#8221;][et_pb_column type=&#8221;1_2&#8243; _builder_version=&#8221;3.0.47&#8243; column_padding_mobile=&#8221;on&#8221; parallax=&#8221;off&#8221; parallax_method=&#8221;on&#8221;][et_pb_blurb title=&#8221;791-301-887&#8243; use_icon=&#8221;on&#8221; font_icon=&#8221;%%264%%&#8221; icon_placement=&#8221;left&#8221; _builder_version=&#8221;3.0.83&#8243; custom_margin=&#8221;||20px|&#8221;][\/et_pb_blurb][et_pb_blurb title=&#8221;photo.mirror65@gmail.com&#8221; use_icon=&#8221;on&#8221; font_icon=&#8221;%%153%%&#8221; icon_placement=&#8221;left&#8221; _builder_version=&#8221;3.0.86&#8243; custom_margin=&#8221;||20px|&#8221;][\/et_pb_blurb][et_pb_blurb title=&#8221;Chwa\u0142ki 115 27-600 Sandomierz&#8221; use_icon=&#8221;on&#8221; font_icon=&#8221;%%249%%&#8221; icon_placement=&#8221;left&#8221; _builder_version=&#8221;3.0.86&#8243; custom_margin=&#8221;||35px|&#8221;][\/et_pb_blurb][et_pb_blurb title=&#8221;FACEBOOK&#8221; url=&#8221;https:\/\/www.facebook.com\/Magic-Photo-Mirror-Nast%C4%99pca-fotobudki-1977523125853328\/&#8221; url_new_window=&#8221;on&#8221; use_icon=&#8221;on&#8221; font_icon=&#8221;%%337%%&#8221; icon_placement=&#8221;left&#8221; _builder_version=&#8221;3.0.86&#8243; header_text_align=&#8221;left&#8221; body_text_align=&#8221;left&#8221; module_alignment=&#8221;left&#8221; custom_margin=&#8221;||35px|&#8221;][\/et_pb_blurb][et_pb_image src=&#8221;https:\/\/photo-mirror.pl\/wp-content\/uploads\/2017\/10\/photomirror.png&#8221; _builder_version=&#8221;3.0.83&#8243;][\/et_pb_image][\/et_pb_column][et_pb_column type=&#8221;1_2&#8243; _builder_version=&#8221;3.0.47&#8243; column_padding_mobile=&#8221;on&#8221; parallax=&#8221;off&#8221; parallax_method=&#8221;on&#8221;][et_pb_contact_form email=&#8221;photo.mirror65@gmail.com&#8221; form_background_color=&#8221;#e2e2e2&#8243; admin_label=&#8221;Contact Form&#8221; module_id=&#8221;et_pb_contact_form_0&#8243; _builder_version=&#8221;3.0.83&#8243; title_text_color=&#8221;#ff007f&#8221; form_field_font=&#8221;||||||||&#8221; form_field_text_color=&#8221;#000000&#8243; custom_button=&#8221;on&#8221; button_text_size=&#8221;17&#8243; button_text_color=&#8221;#ffffff&#8221; button_bg_color=&#8221;#ccccca&#8221; button_border_color=&#8221;#ccccca&#8221; button_border_radius=&#8221;30&#8243; button_font=&#8221;||||||||&#8221; button_use_icon=&#8221;off&#8221; button_text_color_hover=&#8221;#ff0070&#8243; button_bg_color_hover=&#8221;#ffffff&#8221; button_border_color_hover=&#8221;#ff0070&#8243;][et_pb_contact_field field_id=&#8221;Imi\u0119&#8221; field_title=&#8221;Imi\u0119&#8221; fullwidth_field=&#8221;on&#8221; _builder_version=&#8221;3.0.83&#8243; form_field_font=&#8221;||||&#8221; use_border_color=&#8221;off&#8221;] [\/et_pb_contact_field][et_pb_contact_field field_id=&#8221;Telefon&#8221; field_title=&#8221;Telefon&#8221; fullwidth_field=&#8221;on&#8221; _builder_version=&#8221;3.0.83&#8243; form_field_font=&#8221;||||&#8221; use_border_color=&#8221;off&#8221;] [\/et_pb_contact_field][et_pb_contact_field field_id=&#8221;Adres_e-mail&#8221; field_title=&#8221;Adres e-mail&#8221; field_type=&#8221;email&#8221; fullwidth_field=&#8221;on&#8221; _builder_version=&#8221;3.0.83&#8243; form_field_font=&#8221;||||&#8221; use_border_color=&#8221;off&#8221;] [\/et_pb_contact_field][et_pb_contact_field field_id=&#8221;Wiadomo\u015b\u0107&#8221; field_title=&#8221;Wiadomo\u015b\u0107&#8221; field_type=&#8221;text&#8221; required_mark=&#8221;off&#8221; fullwidth_field=&#8221;on&#8221; _builder_version=&#8221;3.0.83&#8243; form_field_font=&#8221;||||&#8221; use_border_color=&#8221;off&#8221;] [\/et_pb_contact_field][\/et_pb_contact_form][et_pb_text background_layout=&#8221;dark&#8221; admin_label=&#8221;Text&#8221; _builder_version=&#8221;3.0.47&#8243; background_size=&#8221;initial&#8221; background_position=&#8221;top_left&#8221; background_repeat=&#8221;repeat&#8221; module_alignment=&#8221;left&#8221; custom_margin=&#8221;|||50px&#8221;]<\/p>\n<p><strong>FOLLOW US<\/strong><\/p>\n<p>[\/et_pb_text][\/et_pb_column][\/et_pb_row][\/et_pb_section]<\/p>\n","protected":false},"excerpt":{"rendered":"<p>Najcz\u0119\u015bciej zadawane pytania Obs\u0142uga Foto lustra jest niezwykle prosta. Zapraszamy do zak\u0142adki Jak to dzia\u0142a?Oczywi\u015bcie, \u017ce tak. Pe\u0142na faktura 23%.Operator b\u0119dzie mia\u0142 ze sob\u0105 zapasowe komponenty oraz zapas papieru w razie gdyby\u015b mia\u0142 ochot\u0119 przed\u0142u\u017cy\u0107 zabaw\u0119 do bia\u0142ego rana. Zmartwienia zostaw nam. Zawsze p\u0142acisz tylko za czas, przez kt\u00f3ry lustro jest dla Ciebie. Zdj\u0119cia drukowane [&hellip;]<\/p>\n","protected":false},"author":1,"featured_media":0,"parent":0,"menu_order":0,"comment_status":"closed","ping_status":"closed","template":"","meta":{"_et_pb_use_builder":"on","_et_pb_old_content":"","_et_gb_content_width":"","ngg_post_thumbnail":0,"footnotes":""},"class_list":["post-43","page","type-page","status-publish","hentry"],"_links":{"self":[{"href":"https:\/\/photo-mirror.pl\/index.php\/wp-json\/wp\/v2\/pages\/43"}],"collection":[{"href":"https:\/\/photo-mirror.pl\/index.php\/wp-json\/wp\/v2\/pages"}],"about":[{"href":"https:\/\/photo-mirror.pl\/index.php\/wp-json\/wp\/v2\/types\/page"}],"author":[{"embeddable":true,"href":"https:\/\/photo-mirror.pl\/index.php\/wp-json\/wp\/v2\/users\/1"}],"replies":[{"embeddable":true,"href":"https:\/\/photo-mirror.pl\/index.php\/wp-json\/wp\/v2\/comments?post=43"}],"version-history":[{"count":0,"href":"https:\/\/photo-mirror.pl\/index.php\/wp-json\/wp\/v2\/pages\/43\/revisions"}],"wp:attachment":[{"href":"https:\/\/photo-mirror.pl\/index.php\/wp-json\/wp\/v2\/media?parent=43"}],"curies":[{"name":"wp","href":"https:\/\/api.w.org\/{rel}","templated":true}]}}