{"id":44,"date":"2017-10-24T12:39:31","date_gmt":"2017-10-24T10:39:31","guid":{"rendered":"https:\/\/photo-mirror.pl\/index.php\/o-nas\/"},"modified":"2022-05-30T13:39:35","modified_gmt":"2022-05-30T11:39:35","slug":"o-nas","status":"publish","type":"page","link":"https:\/\/photo-mirror.pl\/","title":{"rendered":"O nas"},"content":{"rendered":"<p>[et_pb_section fb_built=&#8221;1&#8243; fullwidth=&#8221;on&#8221; custom_padding_last_edited=&#8221;on|desktop&#8221; admin_label=&#8221;Section&#8221; _builder_version=&#8221;3.22&#8243; custom_padding_tablet=&#8221;50px|0|50px|0&#8243; custom_padding_phone=&#8221;&#8221; transparent_background=&#8221;off&#8221; padding_mobile=&#8221;off&#8221;][et_pb_fullwidth_header title=&#8221;ABSOLUTNY HIT &#8221; text_orientation=&#8221;center&#8221; header_fullscreen=&#8221;on&#8221; header_scroll_down=&#8221;on&#8221; scroll_down_icon=&#8221;\ue044&#8221; scroll_down_icon_color=&#8221;#ffffff&#8221; scroll_down_icon_size=&#8221;24px&#8221; background_overlay_color=&#8221;rgba(255,255,255,0.8)&#8221; admin_label=&#8221;Fullwidth Header&#8221; _builder_version=&#8221;3.16&#8243; title_text_color=&#8221;#000000&#8243; title_font_size=&#8221;41px&#8221; subhead_text_color=&#8221;#000000&#8243; subhead_font_size=&#8221;21px&#8221; background_color=&#8221;rgba(255, 255, 255, 0)&#8221; background_image=&#8221;https:\/\/photo-mirror.pl\/wp-content\/uploads\/2017\/10\/fotolustro-red-carpet-photos4fun-1.png&#8221; background_size=&#8221;contain&#8221; background_position=&#8221;center_left&#8221; background_repeat=&#8221;round&#8221; background_layout=&#8221;light&#8221; max_width_tablet=&#8221;50px&#8221; custom_css_title=&#8221;text-shadow: 1px 2px 3px rgba(254,254,254,.5);||&#8221; custom_css_subtitle=&#8221;text-shadow: 1px 2px 3px rgba(254,254,254,.5);||&#8221; background_url=&#8221;https:\/\/photo-mirror.pl\/wp-content\/uploads\/2017\/10\/divi-yoga-header-1920-1024.jpg&#8221; button_one_text_size__hover_enabled=&#8221;off&#8221; button_two_text_size__hover_enabled=&#8221;off&#8221; button_one_text_color__hover_enabled=&#8221;off&#8221; button_two_text_color__hover_enabled=&#8221;off&#8221; button_one_border_width__hover_enabled=&#8221;off&#8221; button_two_border_width__hover_enabled=&#8221;off&#8221; button_one_border_color__hover_enabled=&#8221;off&#8221; button_two_border_color__hover_enabled=&#8221;off&#8221; button_one_border_radius__hover_enabled=&#8221;off&#8221; button_two_border_radius__hover_enabled=&#8221;off&#8221; button_one_letter_spacing__hover_enabled=&#8221;off&#8221; button_two_letter_spacing__hover_enabled=&#8221;off&#8221; button_one_bg_color__hover_enabled=&#8221;off&#8221; button_two_bg_color__hover_enabled=&#8221;off&#8221;]<\/p>\n<h2>Dotykowe Foto Lustro NAJWI\u0118KSZE NA RYNKU 65cali &#8211;<br \/>\nnast\u0119pca fotobudki, kt\u00f3re sprawi, \u017ce poczujesz si\u0119 jak gwiazda!<\/h2>\n<h2 class=\"western\"><span style=\"color: #ff0000;\"><span style=\"font-size: x-large;\"><b>Potrafi urozmaici\u0107 ka\u017cd\u0105 zabaw\u0119!<\/b><\/span><\/span><\/h2>\n<p>[\/et_pb_fullwidth_header][\/et_pb_section][et_pb_section fb_built=&#8221;1&#8243; inner_shadow=&#8221;on&#8221; custom_padding_last_edited=&#8221;on|desktop&#8221; admin_label=&#8221;section&#8221; _builder_version=&#8221;3.22&#8243; background_color=&#8221;#ccccca&#8221; custom_padding=&#8221;54px|0px|0px|0px&#8221; custom_padding_tablet=&#8221;50px|0|50px|0&#8243; custom_padding_phone=&#8221;&#8221; transparent_background=&#8221;off&#8221;][et_pb_row padding_mobile=&#8221;off&#8221; column_padding_mobile=&#8221;on&#8221; admin_label=&#8221;row&#8221; _builder_version=&#8221;3.25&#8243; background_size=&#8221;initial&#8221; background_position=&#8221;top_left&#8221; background_repeat=&#8221;repeat&#8221;][et_pb_column type=&#8221;4_4&#8243; _builder_version=&#8221;3.25&#8243; custom_padding=&#8221;|||&#8221; custom_padding__hover=&#8221;|||&#8221;][et_pb_text admin_label=&#8221;Text&#8221; _builder_version=&#8221;3.27.4&#8243; text_font=&#8221;Arimo||||||||&#8221; text_text_color=&#8221;#000000&#8243; text_font_size=&#8221;15px&#8221; background_size=&#8221;initial&#8221; background_position=&#8221;top_left&#8221; background_repeat=&#8221;repeat&#8221; text_orientation=&#8221;center&#8221; module_alignment=&#8221;center&#8221;]<\/p>\n<p style=\"text-align: center;\"><strong>Jeste\u015bmy par\u0105 m\u0142odych, kreatywnych, otwartych na wsp\u00f3\u0142prac\u0119 i nowe wyzwania ludzi, kt\u00f3rych wielk\u0105 pasj\u0105 jest fotografia.<\/strong><\/p>\n<p><strong>Kochamy to co robimy!<\/strong><\/p>\n<p style=\"text-align: center;\"><strong>Foto lustro to przeno\u015bne studio fotograficzne, kt\u00f3re od razu drukuje zdj\u0119cia. Ca\u0142a zabawa polega na wykonaniu kilku zdj\u0119\u0107 w kolorowych gad\u017cetach, maj\u0105c przy tym mn\u00f3stwo frajdy. Podczas ca\u0142ej zabawy go\u015bcie maj\u0105 mo\u017cliwo\u015b\u0107 wykonania zdj\u0119\u0107 bez ogranicze\u0144. Wydrukowane zdj\u0119cia zawieraj\u0105 kilka uj\u0119\u0107, od 3 do nawet 5 jednocze\u015bnie maj\u0105 bardzo wysok\u0105 jako\u015b\u0107. Atutem foto lustra jest mo\u017cliwo\u015b\u0107 wydruku dodatkowych odbitek zdj\u0119\u0107 na miejscu imprezy, kt\u00f3re mo\u017cna umie\u015bci\u0107 w Ksi\u0119dze Go\u015bci lub zabra\u0107 na pami\u0105tk\u0119.<\/strong><\/p>\n<p style=\"text-align: center;\"><strong>Foto lustro to doskona\u0142y pomys\u0142 na atrakcj\u0119 na ka\u017cdym przyj\u0119ciu. Planujesz wesele, urodziny, jubileusz, a mo\u017ce event firmowy? Szukasz czego\u015b oryginalnego, co zachwyci Twoich go\u015bci? Foto lustro to w\u0142a\u015bciwy wyb\u00f3r!<\/strong><\/p>\n<h3>Chcesz \u017ceby Twoi go\u015bcie zapami\u0119tali Twoje wydarzenie na d\u0142u\u017cej?<\/h3>\n<h3>Aby te cudowne chwile zosta\u0142y zapisane nie tylko w pami\u0119ci?<\/h3>\n<h3>Twoi go\u015bcie b\u0119d\u0105 mieli niepowtarzaln\u0105 pami\u0105tk\u0119, kt\u00f3ra pozwoli im wr\u00f3ci\u0107 do tych cudownych chwil razem!<\/h3>\n<h3>Z nami ogranicza Ci\u0119 tylko wyobra\u017ania!<\/h3>\n<h3>Z naszym presti\u017cowym foto lustrem b\u0119dziecie si\u0119 \u015bwietnie bawi\u0107 na ka\u017cdej imprezie!<\/h3>\n<h1>Ca\u0142a masa nowych gad\u017cet\u00f3w!!!<\/h1>\n<p>[\/et_pb_text][\/et_pb_column][\/et_pb_row][et_pb_row column_structure=&#8221;1_3,1_3,1_3&#8243; use_custom_gutter=&#8221;on&#8221; gutter_width=&#8221;2&#8243; padding_mobile=&#8221;off&#8221; make_equal=&#8221;on&#8221; column_padding_mobile=&#8221;on&#8221; admin_label=&#8221;row&#8221; _builder_version=&#8221;3.25&#8243; background_size=&#8221;initial&#8221; background_position=&#8221;top_left&#8221; background_repeat=&#8221;repeat&#8221; custom_margin=&#8221;|||&#8221; custom_margin_tablet=&#8221;&#8221; custom_margin_phone=&#8221;&#8221; custom_margin_last_edited=&#8221;on|tablet&#8221;][et_pb_column type=&#8221;1_3&#8243; _builder_version=&#8221;3.25&#8243; custom_padding=&#8221;|||&#8221; custom_padding__hover=&#8221;|||&#8221;][et_pb_text admin_label=&#8221;Text&#8221; _builder_version=&#8221;3.27.4&#8243; background_size=&#8221;initial&#8221; background_position=&#8221;top_left&#8221; background_repeat=&#8221;repeat&#8221; text_orientation=&#8221;center&#8221; module_alignment=&#8221;center&#8221;]<\/p>\n<h3 style=\"text-align: center;\">Nie czekaj! Zadzwo\u0144 do nas jak najszybciej i zarezerwuj wybrany termin!<\/h3>\n<h1><\/h1>\n<h1 style=\"text-align: center;\">+48 791-301-887<\/h1>\n<p><img loading=\"lazy\" decoding=\"async\" class=\"aligncenter size-medium wp-image-204026\" src=\"https:\/\/photo-mirror.pl\/wp-content\/uploads\/2017\/10\/5-272x300.png\" alt=\"\" width=\"272\" height=\"300\" \/><br \/>\n[\/et_pb_text][\/et_pb_column][et_pb_column type=&#8221;1_3&#8243; _builder_version=&#8221;3.25&#8243; custom_padding=&#8221;|||&#8221; custom_padding__hover=&#8221;|||&#8221;][et_pb_blurb title=&#8221;Gdzie nas mo\u017cna zam\u00f3wi\u0107?&#8221; url=&#8221;#&#8221; use_icon=&#8221;on&#8221; font_icon=&#8221;Z&#8221; icon_color=&#8221;#ccccca&#8221; use_icon_font_size=&#8221;on&#8221; icon_font_size=&#8221;45px&#8221; admin_label=&#8221;Blurb&#8221; module_class=&#8221;myblurb&#8221; _builder_version=&#8221;3.0.87&#8243; header_text_color=&#8221;#ccccca&#8221; background_color=&#8221;#ffffff&#8221; background_size=&#8221;initial&#8221; background_position=&#8221;top_left&#8221; background_repeat=&#8221;repeat&#8221; text_orientation=&#8221;center&#8221; max_width_tablet=&#8221;50px&#8221; custom_padding=&#8221;30px|30px|30px|30px&#8221; custom_css_main_element=&#8221;min-height:290px;||border-radius:5%&#8221; border_width_all=&#8221;0px&#8221; border_color_all=&#8221;#ffffff&#8221; border_style_all=&#8221;solid&#8221; use_border_color=&#8221;on&#8221;]<\/p>\n<ul>\n<li dir=\"ltr\" style=\"text-align: left;\">Wesela<\/li>\n<li dir=\"ltr\" style=\"text-align: left;\">Imprezy firmowe i integracyjne<\/li>\n<li dir=\"ltr\" style=\"text-align: left;\">Eventy<\/li>\n<li dir=\"ltr\" style=\"text-align: left;\">Urodziny<\/li>\n<li dir=\"ltr\" style=\"text-align: left;\">Studni\u00f3wki i p\u00f3\u0142metki<\/li>\n<li dir=\"ltr\" style=\"text-align: left;\">Komunie<\/li>\n<li dir=\"ltr\" style=\"text-align: left;\">Dyskoteki\/imprezy<\/li>\n<li dir=\"ltr\" style=\"text-align: left;\">Wieczory Kawalerskie i panie\u0144skie<\/li>\n<li dir=\"ltr\" style=\"text-align: left;\">Wydarzenia miejskie<\/li>\n<li dir=\"ltr\" style=\"text-align: left;\">Foto lustro jest idealne na prezent!<\/li>\n<\/ul>\n<p style=\"text-align: center;\"><strong>Gdzie tylko chcesz!<\/strong><\/p>\n<p>[\/et_pb_blurb][\/et_pb_column][et_pb_column type=&#8221;1_3&#8243; _builder_version=&#8221;3.25&#8243; custom_padding=&#8221;|||&#8221; custom_padding__hover=&#8221;|||&#8221;][et_pb_blurb title=&#8221;Dzia\u0142amy na terenie: &#8221; use_icon=&#8221;on&#8221; font_icon=&#8221;Z&#8221; icon_color=&#8221;#ccccca&#8221; use_icon_font_size=&#8221;on&#8221; icon_font_size=&#8221;45px&#8221; admin_label=&#8221;Blurb&#8221; module_class=&#8221;myblurb&#8221; _builder_version=&#8221;3.0.87&#8243; header_text_color=&#8221;#ccccca&#8221; background_color=&#8221;#ffffff&#8221; background_size=&#8221;initial&#8221; background_position=&#8221;top_left&#8221; background_repeat=&#8221;repeat&#8221; text_orientation=&#8221;center&#8221; max_width_tablet=&#8221;50px&#8221; custom_padding=&#8221;30px|30px|30px|30px&#8221; custom_css_main_element=&#8221;min-height:290px;||border-radius:5%;||&#8221; border_width_all=&#8221;0px&#8221; border_color_all=&#8221;#ffffff&#8221; border_style_all=&#8221;solid&#8221; use_border_color=&#8221;on&#8221;]<\/p>\n<ul>\n<li>\n<p style=\"text-align: left;\">Sandomierz<\/p>\n<\/li>\n<li style=\"text-align: left;\">Stalowa Wola<\/li>\n<li style=\"text-align: left;\">Tarnobrzeg<\/li>\n<li style=\"text-align: left;\">Opat\u00f3w<\/li>\n<li style=\"text-align: left;\">Ostrowiec \u015awi\u0119tokrzyski<\/li>\n<li style=\"text-align: left;\">Mielec<\/li>\n<li style=\"text-align: left;\">Nowa D\u0119ba<\/li>\n<li style=\"text-align: left;\">Rzesz\u00f3w<u> <\/u><\/li>\n<li style=\"text-align: left;\">Kolbuszowa<\/li>\n<li style=\"text-align: left;\">Kielce<\/li>\n<li style=\"text-align: left;\">Kra\u015bnik<\/li>\n<li style=\"text-align: left;\">Radom<\/li>\n<li style=\"text-align: left;\">Lublin<\/li>\n<li style=\"text-align: left;\">Skar\u017cysko Kamienna<\/li>\n<li>\n<p style=\"text-align: left;\">Stasz\u00f3w<\/p>\n<\/li>\n<\/ul>\n<p style=\"text-align: center;\"><strong> jak i na terenie ca\u0142ego Kraju!<\/strong><\/p>\n<p>[\/et_pb_blurb][et_pb_code admin_label=&#8221;Code for the blurb hover *add to custom css if any issues*&#8221;]<\/p>\n<style>.myblurb:hover { background-color:rgba(255,255,255,0.9); box-shadow: 0px 1px 18px rgba(23, 23, 23, 0.30); -moz-box-shadow: 0px 1px 18px rgba(23, 23, 23, 0.30); -webkit-box-shadow: 0px 1px 18px rgba(23, 23, 23, 0.30); -webkit-transition: webkit-transform .35s; transition: transform .35s; webkit-transform: translate3d(0,40px,0); transform: translate3d(0,-5px,0);<\/style>\n<p>[\/et_pb_code][\/et_pb_column][\/et_pb_row][\/et_pb_section][et_pb_section fb_built=&#8221;1&#8243; custom_padding_last_edited=&#8221;on|desktop&#8221; admin_label=&#8221;section&#8221; _builder_version=&#8221;3.0.83&#8243; background_color=&#8221;#ccccca&#8221; custom_padding=&#8221;16px|0px|0px|0px&#8221; custom_padding_tablet=&#8221;50px|0|50px|0&#8243; custom_padding_phone=&#8221;&#8221; transparent_background=&#8221;off&#8221; global_module=&#8221;204048&#8243;][et_pb_row column_padding_mobile=&#8221;on&#8221; admin_label=&#8221;row&#8221; _builder_version=&#8221;3.25&#8243; background_size=&#8221;initial&#8221; background_position=&#8221;top_left&#8221; background_repeat=&#8221;repeat&#8221; custom_padding=&#8221;5px|0px|0px|0px&#8221;][et_pb_column type=&#8221;4_4&#8243; _builder_version=&#8221;3.25&#8243; custom_padding=&#8221;|||&#8221; custom_padding__hover=&#8221;|||&#8221;][et_pb_text admin_label=&#8221;Text&#8221; _builder_version=&#8221;3.27.4&#8243; background_size=&#8221;initial&#8221; background_position=&#8221;top_left&#8221; background_repeat=&#8221;repeat&#8221; text_orientation=&#8221;center&#8221; module_alignment=&#8221;center&#8221;]<\/p>\n<h4>Dotykowe Foto Lustro NAJWI\u0118KSZE NA RYNKU 65cali &#8211; nast\u0119pca fotobudki, kt\u00f3re sprawi, \u017ce poczujesz si\u0119 jak gwiazda!<\/h4>\n<p>[\/et_pb_text][et_pb_gallery gallery_ids=&#8221;204119,204121,204122,208566,208567,208568,208589,208569,208572,208592,208573,208575,208591,208576,208590,208577,208578,208580,208581,208588,208593&#8243; gallery_captions=&#8221;,,&#8221; posts_number=&#8221;21&#8243; show_title_and_caption=&#8221;off&#8221; show_pagination=&#8221;off&#8221; hover_icon=&#8221;%%51%%&#8221; _builder_version=&#8221;3.14&#8243; pagination_font_size_tablet=&#8221;51&#8243; pagination_line_height_tablet=&#8221;2&#8243;]<\/p>\n<p>\u00a0<\/p>\n<p>[\/et_pb_gallery][\/et_pb_column][\/et_pb_row][\/et_pb_section][et_pb_section fb_built=&#8221;1&#8243; inner_shadow=&#8221;on&#8221; custom_padding_last_edited=&#8221;on|desktop&#8221; admin_label=&#8221;section&#8221; _builder_version=&#8221;3.0.83&#8243; background_color=&#8221;#f9f9f9&#8243; custom_padding=&#8221;72px|0px|100px|0px&#8221; custom_padding_tablet=&#8221;50px|0|50px|0&#8243; custom_padding_phone=&#8221;&#8221; transparent_background=&#8221;off&#8221; global_module=&#8221;204047&#8243;][et_pb_row _builder_version=&#8221;3.25&#8243; background_size=&#8221;initial&#8221; background_position=&#8221;top_left&#8221; background_repeat=&#8221;repeat&#8221;][et_pb_column type=&#8221;4_4&#8243; _builder_version=&#8221;3.25&#8243; custom_padding=&#8221;|||&#8221; custom_padding__hover=&#8221;|||&#8221;][et_pb_text _builder_version=&#8221;3.27.4&#8243;]<\/p>\n<h2 style=\"text-align: center;\">KONTAKT<\/h2>\n<p>[\/et_pb_text][\/et_pb_column][\/et_pb_row][et_pb_row column_structure=&#8221;1_2,1_2&#8243; use_custom_gutter=&#8221;on&#8221; gutter_width=&#8221;1&#8243; padding_mobile=&#8221;off&#8221; column_padding_mobile=&#8221;on&#8221; admin_label=&#8221;row&#8221; _builder_version=&#8221;3.25&#8243; background_size=&#8221;initial&#8221; background_position=&#8221;top_left&#8221; background_repeat=&#8221;repeat&#8221;][et_pb_column type=&#8221;1_2&#8243; _builder_version=&#8221;3.25&#8243; custom_padding=&#8221;|||&#8221; custom_padding__hover=&#8221;|||&#8221;][et_pb_blurb title=&#8221;725-077-343&#8243; use_icon=&#8221;on&#8221; font_icon=&#8221;%%264%%&#8221; icon_placement=&#8221;left&#8221; _builder_version=&#8221;4.9.2&#8243; custom_margin=&#8221;||20px|&#8221;][\/et_pb_blurb][et_pb_blurb title=&#8221;photo.mirror65@gmail.com&#8221; use_icon=&#8221;on&#8221; font_icon=&#8221;%%153%%&#8221; icon_placement=&#8221;left&#8221; _builder_version=&#8221;3.0.86&#8243; custom_margin=&#8221;||20px|&#8221;][\/et_pb_blurb][et_pb_blurb title=&#8221;Chwa\u0142ki 115 27-600 Sandomierz&#8221; use_icon=&#8221;on&#8221; font_icon=&#8221;%%249%%&#8221; icon_placement=&#8221;left&#8221; _builder_version=&#8221;3.0.86&#8243; custom_margin=&#8221;||35px|&#8221;][\/et_pb_blurb][et_pb_blurb title=&#8221;FACEBOOK&#8221; url=&#8221;https:\/\/www.facebook.com\/Magic-Photo-Mirror-Nast%C4%99pca-fotobudki-1977523125853328\/&#8221; url_new_window=&#8221;on&#8221; use_icon=&#8221;on&#8221; font_icon=&#8221;%%337%%&#8221; icon_placement=&#8221;left&#8221; _builder_version=&#8221;3.0.86&#8243; header_text_align=&#8221;left&#8221; body_text_align=&#8221;left&#8221; module_alignment=&#8221;left&#8221; custom_margin=&#8221;||35px|&#8221;][\/et_pb_blurb][et_pb_image src=&#8221;https:\/\/photo-mirror.pl\/wp-content\/uploads\/2017\/10\/photomirror.png&#8221; align_tablet=&#8221;center&#8221; align_phone=&#8221;&#8221; align_last_edited=&#8221;on|desktop&#8221; _builder_version=&#8221;3.23&#8243;][\/et_pb_image][\/et_pb_column][et_pb_column type=&#8221;1_2&#8243; _builder_version=&#8221;3.25&#8243; custom_padding=&#8221;|||&#8221; custom_padding__hover=&#8221;|||&#8221;][et_pb_contact_form email=&#8221;photo.mirror65@gmail.com&#8221; admin_label=&#8221;Contact Form&#8221; module_id=&#8221;et_pb_contact_form_0&#8243; _builder_version=&#8221;3.23&#8243; form_field_background_color=&#8221;#e2e2e2&#8243; form_field_text_color=&#8221;#000000&#8243; title_text_color=&#8221;#ff007f&#8221; form_field_font=&#8221;||||||||&#8221; custom_button=&#8221;on&#8221; button_text_size=&#8221;17&#8243; button_text_color=&#8221;#ffffff&#8221; button_bg_color=&#8221;#ccccca&#8221; button_border_color=&#8221;#ccccca&#8221; button_border_radius=&#8221;30&#8243; button_font=&#8221;||||||||&#8221; button_use_icon=&#8221;off&#8221; form_background_color=&#8221;#e2e2e2&#8243; button_text_color_hover=&#8221;#ff0070&#8243; button_bg_color_hover=&#8221;#ffffff&#8221; button_border_color_hover=&#8221;#ff0070&#8243;][et_pb_contact_field field_id=&#8221;Imi\u0119&#8221; field_title=&#8221;Imi\u0119&#8221; fullwidth_field=&#8221;on&#8221; _builder_version=&#8221;3.16&#8243; form_field_font=&#8221;||||&#8221; use_border_color=&#8221;off&#8221; button_text_size__hover_enabled=&#8221;off&#8221; button_one_text_size__hover_enabled=&#8221;off&#8221; button_two_text_size__hover_enabled=&#8221;off&#8221; button_text_color__hover_enabled=&#8221;off&#8221; button_one_text_color__hover_enabled=&#8221;off&#8221; button_two_text_color__hover_enabled=&#8221;off&#8221; button_border_width__hover_enabled=&#8221;off&#8221; button_one_border_width__hover_enabled=&#8221;off&#8221; button_two_border_width__hover_enabled=&#8221;off&#8221; button_border_color__hover_enabled=&#8221;off&#8221; button_one_border_color__hover_enabled=&#8221;off&#8221; button_two_border_color__hover_enabled=&#8221;off&#8221; button_border_radius__hover_enabled=&#8221;off&#8221; button_one_border_radius__hover_enabled=&#8221;off&#8221; button_two_border_radius__hover_enabled=&#8221;off&#8221; button_letter_spacing__hover_enabled=&#8221;off&#8221; button_one_letter_spacing__hover_enabled=&#8221;off&#8221; button_two_letter_spacing__hover_enabled=&#8221;off&#8221; button_bg_color__hover_enabled=&#8221;off&#8221; button_one_bg_color__hover_enabled=&#8221;off&#8221; button_two_bg_color__hover_enabled=&#8221;off&#8221;] [\/et_pb_contact_field][et_pb_contact_field field_id=&#8221;Telefon&#8221; field_title=&#8221;Telefon&#8221; fullwidth_field=&#8221;on&#8221; _builder_version=&#8221;3.16&#8243; form_field_font=&#8221;||||&#8221; use_border_color=&#8221;off&#8221; button_text_size__hover_enabled=&#8221;off&#8221; button_one_text_size__hover_enabled=&#8221;off&#8221; button_two_text_size__hover_enabled=&#8221;off&#8221; button_text_color__hover_enabled=&#8221;off&#8221; button_one_text_color__hover_enabled=&#8221;off&#8221; button_two_text_color__hover_enabled=&#8221;off&#8221; button_border_width__hover_enabled=&#8221;off&#8221; button_one_border_width__hover_enabled=&#8221;off&#8221; button_two_border_width__hover_enabled=&#8221;off&#8221; button_border_color__hover_enabled=&#8221;off&#8221; button_one_border_color__hover_enabled=&#8221;off&#8221; button_two_border_color__hover_enabled=&#8221;off&#8221; button_border_radius__hover_enabled=&#8221;off&#8221; button_one_border_radius__hover_enabled=&#8221;off&#8221; button_two_border_radius__hover_enabled=&#8221;off&#8221; button_letter_spacing__hover_enabled=&#8221;off&#8221; button_one_letter_spacing__hover_enabled=&#8221;off&#8221; button_two_letter_spacing__hover_enabled=&#8221;off&#8221; button_bg_color__hover_enabled=&#8221;off&#8221; button_one_bg_color__hover_enabled=&#8221;off&#8221; button_two_bg_color__hover_enabled=&#8221;off&#8221;] [\/et_pb_contact_field][et_pb_contact_field field_id=&#8221;Adres_e-mail&#8221; field_title=&#8221;Adres e-mail&#8221; field_type=&#8221;email&#8221; fullwidth_field=&#8221;on&#8221; _builder_version=&#8221;3.16&#8243; form_field_font=&#8221;||||&#8221; use_border_color=&#8221;off&#8221; button_text_size__hover_enabled=&#8221;off&#8221; button_one_text_size__hover_enabled=&#8221;off&#8221; button_two_text_size__hover_enabled=&#8221;off&#8221; button_text_color__hover_enabled=&#8221;off&#8221; button_one_text_color__hover_enabled=&#8221;off&#8221; button_two_text_color__hover_enabled=&#8221;off&#8221; button_border_width__hover_enabled=&#8221;off&#8221; button_one_border_width__hover_enabled=&#8221;off&#8221; button_two_border_width__hover_enabled=&#8221;off&#8221; button_border_color__hover_enabled=&#8221;off&#8221; button_one_border_color__hover_enabled=&#8221;off&#8221; button_two_border_color__hover_enabled=&#8221;off&#8221; button_border_radius__hover_enabled=&#8221;off&#8221; button_one_border_radius__hover_enabled=&#8221;off&#8221; button_two_border_radius__hover_enabled=&#8221;off&#8221; button_letter_spacing__hover_enabled=&#8221;off&#8221; button_one_letter_spacing__hover_enabled=&#8221;off&#8221; button_two_letter_spacing__hover_enabled=&#8221;off&#8221; button_bg_color__hover_enabled=&#8221;off&#8221; button_one_bg_color__hover_enabled=&#8221;off&#8221; button_two_bg_color__hover_enabled=&#8221;off&#8221;] [\/et_pb_contact_field][et_pb_contact_field field_id=&#8221;Wiadomo\u015b\u0107&#8221; field_title=&#8221;Wiadomo\u015b\u0107&#8221; field_type=&#8221;text&#8221; required_mark=&#8221;off&#8221; fullwidth_field=&#8221;on&#8221; _builder_version=&#8221;3.16&#8243; form_field_font=&#8221;||||&#8221; use_border_color=&#8221;off&#8221; button_text_size__hover_enabled=&#8221;off&#8221; button_one_text_size__hover_enabled=&#8221;off&#8221; button_two_text_size__hover_enabled=&#8221;off&#8221; button_text_color__hover_enabled=&#8221;off&#8221; button_one_text_color__hover_enabled=&#8221;off&#8221; button_two_text_color__hover_enabled=&#8221;off&#8221; button_border_width__hover_enabled=&#8221;off&#8221; button_one_border_width__hover_enabled=&#8221;off&#8221; button_two_border_width__hover_enabled=&#8221;off&#8221; button_border_color__hover_enabled=&#8221;off&#8221; button_one_border_color__hover_enabled=&#8221;off&#8221; button_two_border_color__hover_enabled=&#8221;off&#8221; button_border_radius__hover_enabled=&#8221;off&#8221; button_one_border_radius__hover_enabled=&#8221;off&#8221; button_two_border_radius__hover_enabled=&#8221;off&#8221; button_letter_spacing__hover_enabled=&#8221;off&#8221; button_one_letter_spacing__hover_enabled=&#8221;off&#8221; button_two_letter_spacing__hover_enabled=&#8221;off&#8221; button_bg_color__hover_enabled=&#8221;off&#8221; button_one_bg_color__hover_enabled=&#8221;off&#8221; button_two_bg_color__hover_enabled=&#8221;off&#8221;] [\/et_pb_contact_field][\/et_pb_contact_form][et_pb_text admin_label=&#8221;Text&#8221; _builder_version=&#8221;3.27.4&#8243; background_size=&#8221;initial&#8221; background_position=&#8221;top_left&#8221; background_repeat=&#8221;repeat&#8221; background_layout=&#8221;dark&#8221; module_alignment=&#8221;left&#8221; custom_margin=&#8221;|||50px&#8221;]<\/p>\n<p><strong>FOLLOW US<\/strong><\/p>\n<p>[\/et_pb_text][\/et_pb_column][\/et_pb_row][\/et_pb_section]<\/p>\n","protected":false},"excerpt":{"rendered":"<p>Dotykowe Foto Lustro NAJWI\u0118KSZE NA RYNKU 65cali &#8211; nast\u0119pca fotobudki, kt\u00f3re sprawi, \u017ce poczujesz si\u0119 jak gwiazda! Potrafi urozmaici\u0107 ka\u017cd\u0105 zabaw\u0119! Jeste\u015bmy par\u0105 m\u0142odych, kreatywnych, otwartych na wsp\u00f3\u0142prac\u0119 i nowe wyzwania ludzi, kt\u00f3rych wielk\u0105 pasj\u0105 jest fotografia. Kochamy to co robimy! Foto lustro to przeno\u015bne studio fotograficzne, kt\u00f3re od razu drukuje zdj\u0119cia. Ca\u0142a zabawa polega [&hellip;]<\/p>\n","protected":false},"author":1,"featured_media":0,"parent":0,"menu_order":0,"comment_status":"closed","ping_status":"closed","template":"","meta":{"_et_pb_use_builder":"on","_et_pb_old_content":"","_et_gb_content_width":"","ngg_post_thumbnail":0,"footnotes":""},"class_list":["post-44","page","type-page","status-publish","hentry"],"_links":{"self":[{"href":"https:\/\/photo-mirror.pl\/index.php\/wp-json\/wp\/v2\/pages\/44"}],"collection":[{"href":"https:\/\/photo-mirror.pl\/index.php\/wp-json\/wp\/v2\/pages"}],"about":[{"href":"https:\/\/photo-mirror.pl\/index.php\/wp-json\/wp\/v2\/types\/page"}],"author":[{"embeddable":true,"href":"https:\/\/photo-mirror.pl\/index.php\/wp-json\/wp\/v2\/users\/1"}],"replies":[{"embeddable":true,"href":"https:\/\/photo-mirror.pl\/index.php\/wp-json\/wp\/v2\/comments?post=44"}],"version-history":[{"count":0,"href":"https:\/\/photo-mirror.pl\/index.php\/wp-json\/wp\/v2\/pages\/44\/revisions"}],"wp:attachment":[{"href":"https:\/\/photo-mirror.pl\/index.php\/wp-json\/wp\/v2\/media?parent=44"}],"curies":[{"name":"wp","href":"https:\/\/api.w.org\/{rel}","templated":true}]}}